{"id":2171,"date":"2024-10-20T20:57:33","date_gmt":"2024-10-20T18:57:33","guid":{"rendered":"https:\/\/www.arzt-gruden.at\/?page_id=2171"},"modified":"2024-10-20T21:01:51","modified_gmt":"2024-10-20T19:01:51","slug":"links","status":"publish","type":"page","link":"https:\/\/www.arzt-gruden.at\/?page_id=2171","title":{"rendered":"Links"},"content":{"rendered":"\n<p>Hier finden Sie n\u00fctzliche Links und Hinweise<\/p>\n\n\n\n<p>Bereitschafts\u00e4rzte au\u00dferhalb der Ordinationszeiten <a href=\"https:\/\/www.aekktn.at\/apps\/bereitschaftsdienst\/einteilung\/7\" target=\"_blank\" rel=\"noopener\" title=\"\">>Hier klicken&lt;<\/a><\/p>\n\n\n\n<p>Apotheke mit Notdienst Ferlach <a href=\"https:\/\/apo24.at\/de\/apotheken\/nachtdienste\/kaernten\/bezirk-klagenfurt-land\/ferlach\" target=\"_blank\" rel=\"noopener sponsored\" title=\"\">>Hier klicken&lt;<\/a><\/p>\n","protected":false},"excerpt":{"rendered":"<p>Hier finden Sie n\u00fctzliche Links und Hinweise Bereitschafts\u00e4rzte au\u00dferhalb der Ordinationszeiten >Hier klicken&lt; Apotheke mit Notdienst Ferlach >Hier klicken&lt;<\/p>\n","protected":false},"author":1,"featured_media":0,"parent":0,"menu_order":0,"comment_status":"closed","ping_status":"closed","template":"","meta":{"om_disable_all_campaigns":false,"_monsterinsights_skip_tracking":false,"_monsterinsights_sitenote_active":false,"_monsterinsights_sitenote_note":"","_monsterinsights_sitenote_category":0,"footnotes":""},"class_list":["post-2171","page","type-page","status-publish","hentry"],"aioseo_notices":[],"_links":{"self":[{"href":"https:\/\/www.arzt-gruden.at\/index.php?rest_route=\/wp\/v2\/pages\/2171","targetHints":{"allow":["GET"]}}],"collection":[{"href":"https:\/\/www.arzt-gruden.at\/index.php?rest_route=\/wp\/v2\/pages"}],"about":[{"href":"https:\/\/www.arzt-gruden.at\/index.php?rest_route=\/wp\/v2\/types\/page"}],"author":[{"embeddable":true,"href":"https:\/\/www.arzt-gruden.at\/index.php?rest_route=\/wp\/v2\/users\/1"}],"replies":[{"embeddable":true,"href":"https:\/\/www.arzt-gruden.at\/index.php?rest_route=%2Fwp%2Fv2%2Fcomments&post=2171"}],"version-history":[{"count":2,"href":"https:\/\/www.arzt-gruden.at\/index.php?rest_route=\/wp\/v2\/pages\/2171\/revisions"}],"predecessor-version":[{"id":2174,"href":"https:\/\/www.arzt-gruden.at\/index.php?rest_route=\/wp\/v2\/pages\/2171\/revisions\/2174"}],"wp:attachment":[{"href":"https:\/\/www.arzt-gruden.at\/index.php?rest_route=%2Fwp%2Fv2%2Fmedia&parent=2171"}],"curies":[{"name":"wp","href":"https:\/\/api.w.org\/{rel}","templated":true}]}}